{"id":9311,"date":"2025-07-16T15:43:11","date_gmt":"2025-07-16T19:43:11","guid":{"rendered":"https:\/\/www.leseditionsmonik.com\/livre\/une-visite-a-la-caserne-de-pompiers\/"},"modified":"2025-12-06T18:50:39","modified_gmt":"2025-12-06T23:50:39","slug":"une-visite-a-la-caserne-de-pompiers","status":"publish","type":"product","link":"https:\/\/www.leseditionsmonik.com\/en\/book\/une-visite-a-la-caserne-de-pompiers\/","title":{"rendered":"Une visite \u00e0 la caserne de pompiers"},"content":{"rendered":"","protected":false},"excerpt":{"rendered":"<p>As-tu d\u00e9j\u00e0 visiter une caserne de pompiers? D\u00e9couvre tout ce que tu peux voir dans une caserne!<\/p>\n","protected":false},"featured_media":9299,"template":"","meta":{"wds_primary_product_brand":0,"wds_primary_product_cat":0},"product_brand":[],"product_cat":[43],"product_tag":[],"class_list":{"0":"post-9311","1":"product","2":"type-product","3":"status-publish","4":"has-post-thumbnail","6":"product_cat-exploring-readers","7":"pa_langue-english","8":"pa_langue-french","9":"sales-flash-overlay","10":"woocommerce-text-align-center","11":"woocommerce-image-align-center","13":"first","14":"instock","15":"shipping-taxable","16":"purchasable","17":"product-type-variable"},"_links":{"self":[{"href":"https:\/\/www.leseditionsmonik.com\/en\/wp-json\/wp\/v2\/product\/9311","targetHints":{"allow":["GET"]}}],"collection":[{"href":"https:\/\/www.leseditionsmonik.com\/en\/wp-json\/wp\/v2\/product"}],"about":[{"href":"https:\/\/www.leseditionsmonik.com\/en\/wp-json\/wp\/v2\/types\/product"}],"wp:featuredmedia":[{"embeddable":true,"href":"https:\/\/www.leseditionsmonik.com\/en\/wp-json\/wp\/v2\/media\/9299"}],"wp:attachment":[{"href":"https:\/\/www.leseditionsmonik.com\/en\/wp-json\/wp\/v2\/media?parent=9311"}],"wp:term":[{"taxonomy":"product_brand","embeddable":true,"href":"https:\/\/www.leseditionsmonik.com\/en\/wp-json\/wp\/v2\/product_brand?post=9311"},{"taxonomy":"product_cat","embeddable":true,"href":"https:\/\/www.leseditionsmonik.com\/en\/wp-json\/wp\/v2\/product_cat?post=9311"},{"taxonomy":"product_tag","embeddable":true,"href":"https:\/\/www.leseditionsmonik.com\/en\/wp-json\/wp\/v2\/product_tag?post=9311"}],"curies":[{"name":"wp","href":"https:\/\/api.w.org\/{rel}","templated":true}]}}