{"id":6075,"date":"2024-01-30T15:26:19","date_gmt":"2024-01-30T20:26:19","guid":{"rendered":"https:\/\/www.leseditionsmonetpat.com\/livre\/leo-la-mascotte\/"},"modified":"2024-03-10T07:20:09","modified_gmt":"2024-03-10T11:20:09","slug":"leo-the-mascot","status":"publish","type":"product","link":"https:\/\/www.leseditionsmonik.com\/en\/book\/leo-the-mascot\/","title":{"rendered":"L\u00e9o the mascot!"},"content":{"rendered":"","protected":false},"excerpt":{"rendered":"<p>L\u00e9o a \u00e9t\u00e9 choisi pour \u00eatre une mascotte \u00e0 une joute des Canadiens de Montr\u00e9al! Le mini-Youppi s&#8217;amuse beaucoup!<\/p>\n","protected":false},"featured_media":6073,"template":"","meta":{"wds_primary_product_brand":0,"wds_primary_product_cat":0},"product_brand":[],"product_cat":[44],"product_tag":[],"class_list":{"0":"post-6075","1":"product","2":"type-product","3":"status-publish","4":"has-post-thumbnail","6":"product_cat-avid-readers","7":"pa_langue-english","8":"pa_langue-french","9":"sales-flash-overlay","10":"woocommerce-text-align-center","11":"woocommerce-image-align-center","13":"first","14":"instock","15":"shipping-taxable","16":"purchasable","17":"product-type-variable","18":"has-default-attributes"},"_links":{"self":[{"href":"https:\/\/www.leseditionsmonik.com\/en\/wp-json\/wp\/v2\/product\/6075","targetHints":{"allow":["GET"]}}],"collection":[{"href":"https:\/\/www.leseditionsmonik.com\/en\/wp-json\/wp\/v2\/product"}],"about":[{"href":"https:\/\/www.leseditionsmonik.com\/en\/wp-json\/wp\/v2\/types\/product"}],"wp:featuredmedia":[{"embeddable":true,"href":"https:\/\/www.leseditionsmonik.com\/en\/wp-json\/wp\/v2\/media\/6073"}],"wp:attachment":[{"href":"https:\/\/www.leseditionsmonik.com\/en\/wp-json\/wp\/v2\/media?parent=6075"}],"wp:term":[{"taxonomy":"product_brand","embeddable":true,"href":"https:\/\/www.leseditionsmonik.com\/en\/wp-json\/wp\/v2\/product_brand?post=6075"},{"taxonomy":"product_cat","embeddable":true,"href":"https:\/\/www.leseditionsmonik.com\/en\/wp-json\/wp\/v2\/product_cat?post=6075"},{"taxonomy":"product_tag","embeddable":true,"href":"https:\/\/www.leseditionsmonik.com\/en\/wp-json\/wp\/v2\/product_tag?post=6075"}],"curies":[{"name":"wp","href":"https:\/\/api.w.org\/{rel}","templated":true}]}}